{"id":17893,"date":"2024-08-21T13:00:17","date_gmt":"2024-08-21T11:00:17","guid":{"rendered":"http:\/\/dronesnettoyage.fr\/?page_id=17893"},"modified":"2025-07-13T12:25:24","modified_gmt":"2025-07-13T10:25:24","slug":"awesome-services-2","status":"publish","type":"page","link":"https:\/\/dronesnettoyage.fr\/index.php\/awesome-services-2\/","title":{"rendered":"Prestations"},"content":{"rendered":"\t\t<div data-elementor-type=\"wp-page\" data-elementor-id=\"17893\" class=\"elementor elementor-17893\">\n\t\t\t\t\t\t<header class=\"elementor-section elementor-top-section elementor-element elementor-element-ed6b637 elementor-section-stretched elementor-section-full_width elementor-section-height-default elementor-section-height-default section__indent-def section__outdent-def\" data-id=\"ed6b637\" data-element_type=\"section\" data-settings=\"{&quot;stretch_section&quot;:&quot;section-stretched&quot;}\">\n\t\t\t\t\t\t<div class=\"elementor-container elementor-column-gap-no\">\n\t\t\t\t\t<div class=\"elementor-column elementor-col-100 elementor-top-column elementor-element elementor-element-3ea6f2f\" data-id=\"3ea6f2f\" data-element_type=\"column\">\n\t\t\t<div class=\"elementor-widget-wrap elementor-element-populated\">\n\t\t\t\t\t\t<div class=\"elementor-element elementor-element-9b1d529 elementor-widget elementor-widget-quadron-page-hero-section\" data-id=\"9b1d529\" data-element_type=\"widget\" data-widget_type=\"quadron-page-hero-section.default\">\n\t\t\t\t<div class=\"elementor-widget-container\">\n\t\t\t<div class=\"section--no-padding section\"><div class=\"subpage-header\"><div class=\"subpage-header__bg\"><div class=\"container\"><div class=\"subpage-header__block\"><div class=\"subpage-header__caption\">Services<\/div><h1 class=\"subpage-header__title\">Prestations<\/h1><div class=\"subpage-header__line\"><\/div><\/div><\/div><\/div><\/div><\/div>\t\t<\/div>\n\t\t\t\t<\/div>\n\t\t\t\t\t<\/div>\n\t\t<\/div>\n\t\t\t\t\t<\/div>\n\t\t<\/header>\n\t\t\t\t<section class=\"elementor-section elementor-top-section elementor-element elementor-element-7ae0f44 elementor-section-stretched elementor-section-full_width elementor-section-height-default elementor-section-height-default section__indent-def section__outdent-def\" data-id=\"7ae0f44\" data-element_type=\"section\" data-settings=\"{&quot;stretch_section&quot;:&quot;section-stretched&quot;}\">\n\t\t\t\t\t\t<div class=\"elementor-container elementor-column-gap-no\">\n\t\t\t\t\t<div class=\"elementor-column elementor-col-100 elementor-top-column elementor-element elementor-element-c3e3364\" data-id=\"c3e3364\" data-element_type=\"column\">\n\t\t\t<div class=\"elementor-widget-wrap elementor-element-populated\">\n\t\t\t\t\t\t<div class=\"elementor-element elementor-element-9189865 elementor-widget elementor-widget-quadron-services-six-section\" data-id=\"9189865\" data-element_type=\"widget\" data-widget_type=\"quadron-services-six-section.default\">\n\t\t\t\t<div class=\"elementor-widget-container\">\n\t\t\t<div class=\"section section__indent-03\" style=\"overflow: hidden;\"><div class=\"container\"><div class=\"row justify-content-center\"><div class=\"col-10 col-lg-8\"><div class=\"text-center text-md base-color-01\"><p>Que vous soyez un particulier ou un professionnel, et quelque soit le type de b\u00e2timent ou de surface que vous avez \u00e0 nettoyer et entretenir, nous sommes l\u00e0 pour vous accompagner. Optez pour une solution \u00e9conomique, rapide, durable et s\u00e9curis\u00e9e : le nettoyage par drone.<\/p><\/div><\/div><div class=\"chessbox chessbox-top-01\"><div class=\"chessbox__item\"><div class=\"chessbox__img\"><img fetchpriority=\"high\" decoding=\"async\" width=\"2560\" height=\"1920\" src=\"https:\/\/dronesnettoyage.fr\/wp-content\/uploads\/2025\/01\/IMG_7856-scaled.jpg\" class=\"chessbox-img\" alt=\"Nettoyage et d\u00e9moussage de toitures\" srcset=\"https:\/\/dronesnettoyage.fr\/wp-content\/uploads\/2025\/01\/IMG_7856-scaled.jpg 2560w, https:\/\/dronesnettoyage.fr\/wp-content\/uploads\/2025\/01\/IMG_7856-300x225.jpg 300w, https:\/\/dronesnettoyage.fr\/wp-content\/uploads\/2025\/01\/IMG_7856-1024x768.jpg 1024w, https:\/\/dronesnettoyage.fr\/wp-content\/uploads\/2025\/01\/IMG_7856-768x576.jpg 768w, https:\/\/dronesnettoyage.fr\/wp-content\/uploads\/2025\/01\/IMG_7856-1536x1152.jpg 1536w, https:\/\/dronesnettoyage.fr\/wp-content\/uploads\/2025\/01\/IMG_7856-2048x1536.jpg 2048w, https:\/\/dronesnettoyage.fr\/wp-content\/uploads\/2025\/01\/IMG_7856-600x450.jpg 600w\" sizes=\"(max-width: 2560px) 100vw, 2560px\" \/><\/div><div class=\"chessbox__description\"><div class=\"section-heading\"><div class=\"description\"><i><\/i>01<\/div><h4 class=\"title\">D\u00e9moussage de toitures par drone<\/h4><\/div><p>Vous en avez assez de ces mousses et lichens qui envahissent la toiture de votre maison ? Vous \u00eates \u00e0 la recherche d'une solution efficace et rapide pour rem\u00e9dier \u00e0 ce probl\u00e8me ? Ne cherchez plus ! Nous avons ce qu'il vous faut : le nettoyage de toiture par drone.<\/p><a class=\"btn-link-icon btn-top\" href=\"https:\/\/dronesnettoyage.fr\/index.php\/demoussage-toitures-par-drone\/\"><i class=\"btn__icon\"><svg><use xlink:href=\"#arrow_right\"><\/use><\/svg><\/i><span class=\"btn__text\">En savoir plus<\/span><\/a><\/div><\/div><div class=\"chessbox__item\"><div class=\"chessbox__img\"><img decoding=\"async\" width=\"2560\" height=\"1440\" src=\"https:\/\/dronesnettoyage.fr\/wp-content\/uploads\/2025\/07\/DJI_0797-scaled.jpg\" class=\"chessbox-img\" alt=\"Nettoyage et d\u00e9moussage des fa\u00e7ades, terrasses, parvis et escaliers du MESS de la citadelle de Bayonne \u2013 Pyr\u00e9n\u00e9es-Atlantiques (64)\" srcset=\"https:\/\/dronesnettoyage.fr\/wp-content\/uploads\/2025\/07\/DJI_0797-scaled.jpg 2560w, https:\/\/dronesnettoyage.fr\/wp-content\/uploads\/2025\/07\/DJI_0797-300x169.jpg 300w, https:\/\/dronesnettoyage.fr\/wp-content\/uploads\/2025\/07\/DJI_0797-1024x576.jpg 1024w, https:\/\/dronesnettoyage.fr\/wp-content\/uploads\/2025\/07\/DJI_0797-768x432.jpg 768w, https:\/\/dronesnettoyage.fr\/wp-content\/uploads\/2025\/07\/DJI_0797-1536x864.jpg 1536w, https:\/\/dronesnettoyage.fr\/wp-content\/uploads\/2025\/07\/DJI_0797-2048x1152.jpg 2048w, https:\/\/dronesnettoyage.fr\/wp-content\/uploads\/2025\/07\/DJI_0797-600x338.jpg 600w\" sizes=\"(max-width: 2560px) 100vw, 2560px\" \/><\/div><div class=\"chessbox__description\"><div class=\"section-heading\"><div class=\"description\"><i><\/i>02<\/div><h4 class=\"title\">Nettoyage de fa\u00e7ades par drone<\/h4><\/div><p>On le sait, l'entretien r\u00e9gulier des fa\u00e7ades est essentiel pour maintenir leur aspect et assurer leur performance. Mais, si cela \u00e9tait autrefois synonyme de corv\u00e9es laborieuses ou d'interventions co\u00fbteuses, plus qu'aujourd'hui, gr\u00e2ce \u00e0 notre service de nettoyage de fa\u00e7ades par drone dans toute la Nouvelle Aquitaine.<\/p><a class=\"btn-link-icon btn-top\" href=\"https:\/\/dronesnettoyage.fr\/index.php\/nettoyage-de-facades-par-drone\/\"><i class=\"btn__icon\"><svg><use xlink:href=\"#arrow_right\"><\/use><\/svg><\/i><span class=\"btn__text\">En savoir plus<\/span><\/a><\/div><\/div><div class=\"chessbox__item\"><div class=\"chessbox__img\"><img decoding=\"async\" width=\"2560\" height=\"1918\" src=\"https:\/\/dronesnettoyage.fr\/wp-content\/uploads\/2025\/01\/DJI_20241106164008_0005_V-scaled.jpg\" class=\"chessbox-img\" alt=\"Nettoyage et d\u00e9moussage de bardages industriels\" srcset=\"https:\/\/dronesnettoyage.fr\/wp-content\/uploads\/2025\/01\/DJI_20241106164008_0005_V-scaled.jpg 2560w, https:\/\/dronesnettoyage.fr\/wp-content\/uploads\/2025\/01\/DJI_20241106164008_0005_V-300x225.jpg 300w, https:\/\/dronesnettoyage.fr\/wp-content\/uploads\/2025\/01\/DJI_20241106164008_0005_V-1024x767.jpg 1024w, https:\/\/dronesnettoyage.fr\/wp-content\/uploads\/2025\/01\/DJI_20241106164008_0005_V-768x575.jpg 768w\" sizes=\"(max-width: 2560px) 100vw, 2560px\" \/><\/div><div class=\"chessbox__description\"><div class=\"section-heading\"><div class=\"description\"><i><\/i>03<\/div><h4 class=\"title\">Nettoyage de bardages par drone<\/h4><\/div><p>Vous \u00eates \u00e0 la recherche d'un service innovant et performant pour nettoyer les bardages de vos b\u00e2timents ? Vous avez entendu parler du nettoyage de bardages par drone, mais vous ne savez pas trop \u00e0 qui vous adresser ? Ne cherchez plus ! Nous proposons notre service de nettoyage de bardages par drone dans toute la r\u00e9gion Nouvelle Aquitaine avec notre m\u00e9thode de nettoyage r\u00e9volutionnaire qui facilite grandement l'entretien des fa\u00e7ades et des bardages, tout en garantissant un travail rapide et de qualit\u00e9.<\/p><a class=\"btn-link-icon btn-top\" href=\"https:\/\/dronesnettoyage.fr\/index.php\/nettoyage-de-bardages-par-drone\/\"><i class=\"btn__icon\"><svg><use xlink:href=\"#arrow_right\"><\/use><\/svg><\/i><span class=\"btn__text\">En savoir plus<\/span><\/a><\/div><\/div><div class=\"chessbox__item\"><div class=\"chessbox__img\"><img loading=\"lazy\" decoding=\"async\" width=\"1200\" height=\"800\" src=\"https:\/\/dronesnettoyage.fr\/wp-content\/uploads\/2024\/08\/panel-g34025cfd7_1920-1.jpg\" class=\"chessbox-img\" alt=\"Drones Nettoyage : Nettoyage de panneaux photovolta\u00efques par drone\" srcset=\"https:\/\/dronesnettoyage.fr\/wp-content\/uploads\/2024\/08\/panel-g34025cfd7_1920-1.jpg 1200w, https:\/\/dronesnettoyage.fr\/wp-content\/uploads\/2024\/08\/panel-g34025cfd7_1920-1-300x200.jpg 300w, https:\/\/dronesnettoyage.fr\/wp-content\/uploads\/2024\/08\/panel-g34025cfd7_1920-1-1024x683.jpg 1024w, https:\/\/dronesnettoyage.fr\/wp-content\/uploads\/2024\/08\/panel-g34025cfd7_1920-1-768x512.jpg 768w, https:\/\/dronesnettoyage.fr\/wp-content\/uploads\/2024\/08\/panel-g34025cfd7_1920-1-600x400.jpg 600w\" sizes=\"(max-width: 1200px) 100vw, 1200px\" \/><\/div><div class=\"chessbox__description\"><div class=\"section-heading\"><div class=\"description\"><i><\/i>04<\/div><h4 class=\"title\">Nettoyage de panneaux photovolta\u00efques par drone<\/h4><\/div><p>Dans un contexte o\u00f9 les \u00e9nergies renouvelables occupent une place de plus en plus importante, entretenir et nettoyer les panneaux photovolta\u00efques est essentiel pour garantir leur performance et leur dur\u00e9e de vie. Notre entreprise r\u00e9pond \u00e0 cette demande croissante en proposant un service de nettoyage de panneaux photovolta\u00efques par drone dans toute la France. Cette m\u00e9thode r\u00e9volutionnaire permet d'obtenir des r\u00e9sultats remarquables, et ce, en toute s\u00e9curit\u00e9.<\/p><a class=\"btn-link-icon btn-top\" href=\"https:\/\/dronesnettoyage.fr\/index.php\/nettoyage-de-panneaux-photovoltaiques-par-drone\/\"><i class=\"btn__icon\"><svg><use xlink:href=\"#arrow_right\"><\/use><\/svg><\/i><span class=\"btn__text\">En savoir plus<\/span><\/a><\/div><\/div><\/div><\/div><\/div><\/div>\t\t<\/div>\n\t\t\t\t<\/div>\n\t\t\t\t\t<\/div>\n\t\t<\/div>\n\t\t\t\t\t<\/div>\n\t\t<\/section>\n\t\t<div class=\"elementor-element elementor-element-454bff3 e-flex e-con-boxed e-con e-parent\" data-id=\"454bff3\" data-element_type=\"container\">\n\t\t\t\t\t<div class=\"e-con-inner\">\n\t\t<div class=\"elementor-element elementor-element-6288764 e-con-full e-flex e-con e-child\" data-id=\"6288764\" data-element_type=\"container\">\n\t\t\t\t<div class=\"elementor-element elementor-element-cb2c135 elementor-widget elementor-widget-quadron-section-heading\" data-id=\"cb2c135\" data-element_type=\"widget\" data-widget_type=\"quadron-section-heading.default\">\n\t\t\t\t<div class=\"elementor-widget-container\">\n\t\t\t<div class=\"section-heading\"><div class=\"description\"><i><\/i>Faites appel \u00e0 nos t\u00e9l\u00e9pilotes experts du nettoyage en hauteur avec drone \u00e0 pression variable, recevez un chiffrage gratuit en 48h pour votre projet.<\/div><h1 class=\"title\">Rapide et sans engagement<\/h1><\/div>\t\t<\/div>\n\t\t\t\t<\/div>\n\t\t\t\t<\/div>\n\t\t<div class=\"elementor-element elementor-element-c9bf094 e-con-full e-flex e-con e-child\" data-id=\"c9bf094\" data-element_type=\"container\">\n\t\t\t\t<div class=\"elementor-element elementor-element-75704e5 elementor-widget elementor-widget-quadron-button\" data-id=\"75704e5\" data-element_type=\"widget\" data-widget_type=\"quadron-button.default\">\n\t\t\t\t<div class=\"elementor-widget-container\">\n\t\t\t<div class=\"quadron-button\"><a class=\"btn btn-color-02 btn-lg btn-circle\" href=\"https:\/\/dronesnettoyage.fr\/index.php\/contact-devis\/\">Recevoir mon devis <\/a><\/div>\t\t<\/div>\n\t\t\t\t<\/div>\n\t\t\t\t<\/div>\n\t\t\t\t\t<\/div>\n\t\t\t\t<\/div>\n\t\t<div class=\"elementor-element elementor-element-baaf5ba e-flex e-con-boxed e-con e-parent\" data-id=\"baaf5ba\" data-element_type=\"container\">\n\t\t\t\t\t<div class=\"e-con-inner\">\n\t\t\t\t<div class=\"elementor-element elementor-element-f0fdd90 elementor-widget elementor-widget-quadron-blog-slider-section\" data-id=\"f0fdd90\" data-element_type=\"widget\" data-widget_type=\"quadron-blog-slider-section.default\">\n\t\t\t\t<div class=\"elementor-widget-container\">\n\t\t\t<div class=\"section section-blog section__indent-03 section--bg-vertical-line section--bg-01\" data-bg=\"https:\/\/dronesnettoyage.fr\/wp-content\/plugins\/quadron-elementor-addons\/assets\/front\/img\/sectionbg_vertical_line.png\"><div class=\"container section--pr\"><div class=\"section-heading section-heading_indentg03 section-heading__right-arrow\"><div class=\"description\"><i><\/i>Blog<\/div><h3 class=\"title\">Articles<\/h3><\/div><div class=\"slick-arrow-extraright slick-navi-f0fdd90\"><div class=\"slick-arrow slick-prev slick-prev-f0fdd90\"><svg><use xlink:href=\"#arrow_left\"><\/use><\/svg><\/div><div class=\"slick-arrow slick-next slick-next-f0fdd90\"><svg><use xlink:href=\"#arrow_right\"><\/use><\/svg><\/div><\/div><div class=\"js-carusel-news promobox02__slider js-carousel-options\" data-slick='{\"rtl\":false,\"autoplay\":true,\"centerMode\":false,\"appendArrows\": \".slick-navi-f0fdd90\",\"prevArrow\":\".slick-prev-f0fdd90\",\"nextArrow\":\".slick-next-f0fdd90\",\"dots\": false,\"arrows\": true,\"infinite\": false,\"speed\": 300,\"slidesToShow\": 3,\"slidesToScroll\": 1,\"adaptiveHeight\": true,\"responsive\": [{\"breakpoint\": 1025,\"settings\": {\"slidesToShow\": 3,\"slidesToScroll\": 1}},{\"breakpoint\": 790,\"settings\": {\"slidesToShow\": 2,\"slidesToScroll\": 1}},{\"breakpoint\": 576,\"settings\": {\"slidesToShow\": 1,\"slidesToScroll\": 1}}]}'><div class=\"item\"><a href=\"https:\/\/dronesnettoyage.fr\/index.php\/2024\/06\/25\/pourquoi-de-la-mousse-se-forme-sur-la-toiture\/\" class=\"promobox02\"><figure><img decoding=\"async\" src=\"https:\/\/dronesnettoyage.fr\/wp-content\/uploads\/2024\/06\/Copie-de-Chateau-de-Padern-2-323x471.png\" alt=\"Pourquoi de la mousse se forme sur la toiture\u00a0?\"><figcaption><div class=\"promobox02__time\">25 Jun\u2019 24<\/div><h4 class=\"promobox02__title\">Pourquoi de la mousse se forme sur la toiture\u00a0?<\/h4><\/figcaption><\/figure><\/a><\/div><div class=\"item\"><a href=\"https:\/\/dronesnettoyage.fr\/index.php\/2025\/01\/10\/demoussage-de-toiture-pourquoi-est-ce-si-important\/\" class=\"promobox02\"><figure><img decoding=\"async\" src=\"https:\/\/dronesnettoyage.fr\/wp-content\/uploads\/2025\/01\/Copie-de-Chateau-de-Padern-323x471.png\" alt=\"D\u00e9moussage de toiture : pourquoi est-ce si important ?\"><figcaption><div class=\"promobox02__time\">10 Jan\u2019 25<\/div><h4 class=\"promobox02__title\">D\u00e9moussage de toiture : pourquoi est-ce si important ?<\/h4><\/figcaption><\/figure><\/a><\/div><div class=\"item\"><a href=\"https:\/\/dronesnettoyage.fr\/index.php\/2024\/09\/10\/entretien-de-bardages-industriels-dentrepots-preservez-votre-batiment\/\" class=\"promobox02\"><figure><img decoding=\"async\" src=\"https:\/\/dronesnettoyage.fr\/wp-content\/uploads\/2025\/01\/Copie-de-Chateau-de-Padern-3-323x471.png\" alt=\"Entretien de bardages industriels d&#039;entrep\u00f4ts: pr\u00e9servez votre b\u00e2timent\"><figcaption><div class=\"promobox02__time\">10 Sep\u2019 24<\/div><h4 class=\"promobox02__title\">Entretien de bardages industriels d&#8217;entrep\u00f4ts: pr\u00e9servez votre b\u00e2timent !<\/h4><\/figcaption><\/figure><\/a><\/div><div class=\"item\"><a href=\"https:\/\/dronesnettoyage.fr\/index.php\/2025\/01\/14\/linteret-de-nettoyer-un-bardage-industriel-avec-un-drone\/\" class=\"promobox02\"><figure><img decoding=\"async\" src=\"https:\/\/dronesnettoyage.fr\/wp-content\/uploads\/2024\/09\/Indus-mov-image-323x471.jpg\" alt=\"Drones Nettoyage\"><figcaption><div class=\"promobox02__time\">14 Jan\u2019 25<\/div><h4 class=\"promobox02__title\">L&#8217;Int\u00e9r\u00eat de Nettoyer un Bardage Industriel avec un Drone<\/h4><\/figcaption><\/figure><\/a><\/div><div class=\"item\"><a href=\"https:\/\/dronesnettoyage.fr\/index.php\/2025\/01\/14\/linteret-de-nettoyer-sa-toiture-avec-un-drone\/\" class=\"promobox02\"><figure><img decoding=\"async\" src=\"https:\/\/dronesnettoyage.fr\/wp-content\/uploads\/2024\/12\/IMG_7857-scaled-323x471.jpg\" alt=\"IMG_7857-scaled.jpg\"><figcaption><div class=\"promobox02__time\">14 Jan\u2019 25<\/div><h4 class=\"promobox02__title\">L&#8217;Int\u00e9r\u00eat de Nettoyer sa Toiture avec un Drone<\/h4><\/figcaption><\/figure><\/a><\/div><div class=\"item\"><a href=\"https:\/\/dronesnettoyage.fr\/index.php\/2025\/01\/14\/pourquoi-drones-nettoyage-est-plus-efficace-que-les-autres\/\" class=\"promobox02\"><figure><img decoding=\"async\" src=\"https:\/\/dronesnettoyage.fr\/wp-content\/uploads\/2024\/09\/DronesNettoyage-logo-323x471.png\" alt=\"Drones Nettoyage\"><figcaption><div class=\"promobox02__time\">14 Jan\u2019 25<\/div><h4 class=\"promobox02__title\">Pourquoi\u00a0Drones Nettoyage\u00a0est Plus Efficace que les Autres ?<\/h4><\/figcaption><\/figure><\/a><\/div><\/div><div class=\"btn-row btn-top text-center\"><a class=\"btn-link-icon\" href=\"https:\/\/dronesnettoyage.fr\/index.php\/blog-nettoyage-demoussage-2\/\"><i class=\"btn__icon\"><svg><use xlink:href=\"#arrow_right\"><\/use><\/svg><\/i><span class=\"btn__text\">Tous les articles<\/span><\/a><\/div><\/div><\/div>\t\t<\/div>\n\t\t\t\t<\/div>\n\t\t\t\t\t<\/div>\n\t\t\t\t<\/div>\n\t\t\t\t<\/div>\n\t\t","protected":false},"excerpt":{"rendered":"<p>Services Prestations Que vous soyez un particulier ou un professionnel, et quelque soit le type de b\u00e2timent ou de surface que vous avez \u00e0 nettoyer et entretenir, nous sommes l\u00e0 pour vous accompagner. Optez pour une solution \u00e9conomique, rapide, durable et s\u00e9curis\u00e9e : le nettoyage par drone. 01 D\u00e9moussage de toitures par drone Vous en&#8230;<\/p>\n","protected":false},"author":1,"featured_media":0,"parent":0,"menu_order":0,"comment_status":"open","ping_status":"closed","template":"quadron-elementor-page.php","meta":{"_acf_changed":false,"footnotes":""},"class_list":{"0":"post-17893","1":"page","2":"type-page","3":"status-publish","4":"hentry","5":"nt-post-class","6":"","8":"nt-default-format-box","9":"post-box-type-grid"},"acf":[],"yoast_head":"<!-- This site is optimized with the Yoast SEO plugin v24.3 - https:\/\/yoast.com\/wordpress\/plugins\/seo\/ -->\n<title>Prestations - Drones Nettoyage<\/title>\n<meta name=\"robots\" content=\"index, follow, max-snippet:-1, max-image-preview:large, max-video-preview:-1\" \/>\n<link rel=\"canonical\" href=\"https:\/\/dronesnettoyage.fr\/index.php\/awesome-services-2\/\" \/>\n<meta property=\"og:locale\" content=\"en_US\" \/>\n<meta property=\"og:type\" content=\"article\" \/>\n<meta property=\"og:title\" content=\"Prestations - Drones Nettoyage\" \/>\n<meta property=\"og:description\" content=\"Services Prestations Que vous soyez un particulier ou un professionnel, et quelque soit le type de b\u00e2timent ou de surface que vous avez \u00e0 nettoyer et entretenir, nous sommes l\u00e0 pour vous accompagner. Optez pour une solution \u00e9conomique, rapide, durable et s\u00e9curis\u00e9e : le nettoyage par drone. 01 D\u00e9moussage de toitures par drone Vous en...\" \/>\n<meta property=\"og:url\" content=\"https:\/\/dronesnettoyage.fr\/index.php\/awesome-services-2\/\" \/>\n<meta property=\"og:site_name\" content=\"Drones Nettoyage\" \/>\n<meta property=\"article:modified_time\" content=\"2025-07-13T10:25:24+00:00\" \/>\n<meta property=\"og:image\" content=\"http:\/\/dronesnettoyage.fr\/wp-content\/uploads\/2025\/01\/IMG_7856-scaled.jpg\" \/>\n<meta name=\"twitter:card\" content=\"summary_large_image\" \/>\n<meta name=\"twitter:label1\" content=\"Est. reading time\" \/>\n\t<meta name=\"twitter:data1\" content=\"5 minutes\" \/>\n<script type=\"application\/ld+json\" class=\"yoast-schema-graph\">{\"@context\":\"https:\/\/schema.org\",\"@graph\":[{\"@type\":\"WebPage\",\"@id\":\"https:\/\/dronesnettoyage.fr\/index.php\/awesome-services-2\/\",\"url\":\"https:\/\/dronesnettoyage.fr\/index.php\/awesome-services-2\/\",\"name\":\"Prestations - Drones Nettoyage\",\"isPartOf\":{\"@id\":\"https:\/\/dronesnettoyage.fr\/#website\"},\"primaryImageOfPage\":{\"@id\":\"https:\/\/dronesnettoyage.fr\/index.php\/awesome-services-2\/#primaryimage\"},\"image\":{\"@id\":\"https:\/\/dronesnettoyage.fr\/index.php\/awesome-services-2\/#primaryimage\"},\"thumbnailUrl\":\"http:\/\/dronesnettoyage.fr\/wp-content\/uploads\/2025\/01\/IMG_7856-scaled.jpg\",\"datePublished\":\"2024-08-21T11:00:17+00:00\",\"dateModified\":\"2025-07-13T10:25:24+00:00\",\"breadcrumb\":{\"@id\":\"https:\/\/dronesnettoyage.fr\/index.php\/awesome-services-2\/#breadcrumb\"},\"inLanguage\":\"en-US\",\"potentialAction\":[{\"@type\":\"ReadAction\",\"target\":[\"https:\/\/dronesnettoyage.fr\/index.php\/awesome-services-2\/\"]}]},{\"@type\":\"ImageObject\",\"inLanguage\":\"en-US\",\"@id\":\"https:\/\/dronesnettoyage.fr\/index.php\/awesome-services-2\/#primaryimage\",\"url\":\"http:\/\/dronesnettoyage.fr\/wp-content\/uploads\/2025\/01\/IMG_7856-scaled.jpg\",\"contentUrl\":\"http:\/\/dronesnettoyage.fr\/wp-content\/uploads\/2025\/01\/IMG_7856-scaled.jpg\"},{\"@type\":\"BreadcrumbList\",\"@id\":\"https:\/\/dronesnettoyage.fr\/index.php\/awesome-services-2\/#breadcrumb\",\"itemListElement\":[{\"@type\":\"ListItem\",\"position\":1,\"name\":\"Accueil\",\"item\":\"https:\/\/dronesnettoyage.fr\/\"},{\"@type\":\"ListItem\",\"position\":2,\"name\":\"Prestations\"}]},{\"@type\":\"WebSite\",\"@id\":\"https:\/\/dronesnettoyage.fr\/#website\",\"url\":\"https:\/\/dronesnettoyage.fr\/\",\"name\":\"Drones Nettoyage\",\"description\":\"Le sp\u00e9cialiste du nettoyage par drone\",\"potentialAction\":[{\"@type\":\"SearchAction\",\"target\":{\"@type\":\"EntryPoint\",\"urlTemplate\":\"https:\/\/dronesnettoyage.fr\/?s={search_term_string}\"},\"query-input\":{\"@type\":\"PropertyValueSpecification\",\"valueRequired\":true,\"valueName\":\"search_term_string\"}}],\"inLanguage\":\"en-US\"}]}<\/script>\n<!-- \/ Yoast SEO plugin. -->","yoast_head_json":{"title":"Prestations - Drones Nettoyage","robots":{"index":"index","follow":"follow","max-snippet":"max-snippet:-1","max-image-preview":"max-image-preview:large","max-video-preview":"max-video-preview:-1"},"canonical":"https:\/\/dronesnettoyage.fr\/index.php\/awesome-services-2\/","og_locale":"en_US","og_type":"article","og_title":"Prestations - Drones Nettoyage","og_description":"Services Prestations Que vous soyez un particulier ou un professionnel, et quelque soit le type de b\u00e2timent ou de surface que vous avez \u00e0 nettoyer et entretenir, nous sommes l\u00e0 pour vous accompagner. Optez pour une solution \u00e9conomique, rapide, durable et s\u00e9curis\u00e9e : le nettoyage par drone. 01 D\u00e9moussage de toitures par drone Vous en...","og_url":"https:\/\/dronesnettoyage.fr\/index.php\/awesome-services-2\/","og_site_name":"Drones Nettoyage","article_modified_time":"2025-07-13T10:25:24+00:00","og_image":[{"url":"http:\/\/dronesnettoyage.fr\/wp-content\/uploads\/2025\/01\/IMG_7856-scaled.jpg","type":"","width":"","height":""}],"twitter_card":"summary_large_image","twitter_misc":{"Est. reading time":"5 minutes"},"schema":{"@context":"https:\/\/schema.org","@graph":[{"@type":"WebPage","@id":"https:\/\/dronesnettoyage.fr\/index.php\/awesome-services-2\/","url":"https:\/\/dronesnettoyage.fr\/index.php\/awesome-services-2\/","name":"Prestations - Drones Nettoyage","isPartOf":{"@id":"https:\/\/dronesnettoyage.fr\/#website"},"primaryImageOfPage":{"@id":"https:\/\/dronesnettoyage.fr\/index.php\/awesome-services-2\/#primaryimage"},"image":{"@id":"https:\/\/dronesnettoyage.fr\/index.php\/awesome-services-2\/#primaryimage"},"thumbnailUrl":"http:\/\/dronesnettoyage.fr\/wp-content\/uploads\/2025\/01\/IMG_7856-scaled.jpg","datePublished":"2024-08-21T11:00:17+00:00","dateModified":"2025-07-13T10:25:24+00:00","breadcrumb":{"@id":"https:\/\/dronesnettoyage.fr\/index.php\/awesome-services-2\/#breadcrumb"},"inLanguage":"en-US","potentialAction":[{"@type":"ReadAction","target":["https:\/\/dronesnettoyage.fr\/index.php\/awesome-services-2\/"]}]},{"@type":"ImageObject","inLanguage":"en-US","@id":"https:\/\/dronesnettoyage.fr\/index.php\/awesome-services-2\/#primaryimage","url":"http:\/\/dronesnettoyage.fr\/wp-content\/uploads\/2025\/01\/IMG_7856-scaled.jpg","contentUrl":"http:\/\/dronesnettoyage.fr\/wp-content\/uploads\/2025\/01\/IMG_7856-scaled.jpg"},{"@type":"BreadcrumbList","@id":"https:\/\/dronesnettoyage.fr\/index.php\/awesome-services-2\/#breadcrumb","itemListElement":[{"@type":"ListItem","position":1,"name":"Accueil","item":"https:\/\/dronesnettoyage.fr\/"},{"@type":"ListItem","position":2,"name":"Prestations"}]},{"@type":"WebSite","@id":"https:\/\/dronesnettoyage.fr\/#website","url":"https:\/\/dronesnettoyage.fr\/","name":"Drones Nettoyage","description":"Le sp\u00e9cialiste du nettoyage par drone","potentialAction":[{"@type":"SearchAction","target":{"@type":"EntryPoint","urlTemplate":"https:\/\/dronesnettoyage.fr\/?s={search_term_string}"},"query-input":{"@type":"PropertyValueSpecification","valueRequired":true,"valueName":"search_term_string"}}],"inLanguage":"en-US"}]}},"_links":{"self":[{"href":"https:\/\/dronesnettoyage.fr\/index.php\/wp-json\/wp\/v2\/pages\/17893","targetHints":{"allow":["GET"]}}],"collection":[{"href":"https:\/\/dronesnettoyage.fr\/index.php\/wp-json\/wp\/v2\/pages"}],"about":[{"href":"https:\/\/dronesnettoyage.fr\/index.php\/wp-json\/wp\/v2\/types\/page"}],"author":[{"embeddable":true,"href":"https:\/\/dronesnettoyage.fr\/index.php\/wp-json\/wp\/v2\/users\/1"}],"replies":[{"embeddable":true,"href":"https:\/\/dronesnettoyage.fr\/index.php\/wp-json\/wp\/v2\/comments?post=17893"}],"version-history":[{"count":31,"href":"https:\/\/dronesnettoyage.fr\/index.php\/wp-json\/wp\/v2\/pages\/17893\/revisions"}],"predecessor-version":[{"id":22165,"href":"https:\/\/dronesnettoyage.fr\/index.php\/wp-json\/wp\/v2\/pages\/17893\/revisions\/22165"}],"wp:attachment":[{"href":"https:\/\/dronesnettoyage.fr\/index.php\/wp-json\/wp\/v2\/media?parent=17893"}],"curies":[{"name":"wp","href":"https:\/\/api.w.org\/{rel}","templated":true}]}}